{"id":29,"date":"2024-03-12T17:04:57","date_gmt":"2024-03-12T17:04:57","guid":{"rendered":"https:\/\/xelakitchen.com\/?page_id=29"},"modified":"2025-06-22T15:03:16","modified_gmt":"2025-06-22T15:03:16","slug":"home","status":"publish","type":"page","link":"https:\/\/xelakitchen.com\/","title":{"rendered":"Inicio"},"content":{"rendered":"<div class=\"wp-block-image\">\n<figure class=\"aligncenter size-full is-resized\"><img loading=\"lazy\" decoding=\"async\" width=\"500\" height=\"500\" src=\"https:\/\/xelakitchen.com\/wp-content\/uploads\/2024\/03\/500px.png\" alt=\"\" class=\"wp-image-93\" style=\"width:340px;height:auto\" srcset=\"https:\/\/xelakitchen.com\/wp-content\/uploads\/2024\/03\/500px.png 500w, https:\/\/xelakitchen.com\/wp-content\/uploads\/2024\/03\/500px-300x300.png 300w, https:\/\/xelakitchen.com\/wp-content\/uploads\/2024\/03\/500px-150x150.png 150w\" sizes=\"auto, (max-width: 500px) 100vw, 500px\" \/><\/figure>\n<\/div>\n\n\n<p class=\"has-medium-font-size\">Bienvenidos a <strong>Xela Kitchen Restaurant<\/strong>, en d\u00f3nde se crean platillos aut\u00e9nticos de Guatemala y con un saz\u00f3n \u00fanico al estilo de casa. Con platillos tradicionales guatemaltecos y t\u00edpicos desde cada regi\u00f3n del pa\u00eds. Nuestro estilo culinario se basa en la preparaci\u00f3n \u00fanica de d\u00eda a d\u00eda con todo lo fresco y sabor de cada plato que degusta nuestros clientes.<\/p>\n\n\n\n<p class=\"has-medium-font-size\">Una de las mejores maneras de acercarnos a la cultura de los pa\u00edses por los que viajamos, es probando su gastronom\u00eda. De esta manera no solo descubrimos nuevos sabores, sino que tambi\u00e9n podemos&nbsp;interiorizarnos en lo que hay detr\u00e1s de un plato, como su historia, curiosidades e idiosincrasia local.<\/p>\n\n\n<div aria-hidden=\"true\" style=\"display:none;\">Nuestros mejores platillos para degustar<\/div>\r\n<div class=\"align wp-block-atb-animated-text\" id='atbAnimatedText-1' data-attributes='{&quot;inSequence&quot;:&quot;shuffle&quot;,&quot;content&quot;:&quot;Nuestros mejores platillos para degustar&quot;,&quot;typography&quot;:{&quot;fontSize&quot;:{&quot;desktop&quot;:31,&quot;tablet&quot;:20,&quot;mobile&quot;:18},&quot;fontFamily&quot;:&quot;Domine&quot;,&quot;fontCategory&quot;:&quot;serif&quot;,&quot;fontWeight&quot;:400,&quot;fontVariant&quot;:400,&quot;textDecoration&quot;:&quot;none&quot;},&quot;color&quot;:&quot;rgba(71, 161, 235, 1)&quot;,&quot;align&quot;:&quot;&quot;,&quot;options&quot;:{&quot;theme&quot;:&quot;default&quot;},&quot;prefixText&quot;:&quot;&quot;,&quot;suffixText&quot;:&quot;&quot;,&quot;loop&quot;:true,&quot;animateIn&quot;:&quot;char&quot;,&quot;inEffect&quot;:&quot;fadeInLeftBig&quot;,&quot;outEffect&quot;:&quot;rollOut&quot;,&quot;outSequence&quot;:&quot;shuffle&quot;,&quot;alignment&quot;:&quot;center&quot;,&quot;textAlign&quot;:&quot;center&quot;,&quot;background&quot;:{&quot;color&quot;:&quot;#0000&quot;},&quot;textAlignment&quot;:&quot;center&quot;,&quot;prefixTypo&quot;:{&quot;fontSize&quot;:{&quot;desktop&quot;:22,&quot;tablet&quot;:20,&quot;mobile&quot;:18}},&quot;prefixColor&quot;:&quot;#000&quot;,&quot;suffixTypo&quot;:{&quot;fontSize&quot;:{&quot;desktop&quot;:22,&quot;tablet&quot;:20,&quot;mobile&quot;:18}},&quot;padding&quot;:{&quot;vertical&quot;:&quot;15px&quot;,&quot;horizontal&quot;:&quot;15px&quot;},&quot;border&quot;:{&quot;radius&quot;:&quot;5px&quot;},&quot;animatedSize&quot;:{&quot;width&quot;:{&quot;desktop&quot;:&quot;100%&quot;,&quot;tablet&quot;:&quot;&quot;,&quot;mobile&quot;:&quot;&quot;},&quot;height&quot;:{&quot;desktop&quot;:&quot;500px&quot;,&quot;tablet&quot;:&quot;&quot;,&quot;mobile&quot;:&quot;&quot;}},&quot;repeat&quot;:true,&quot;gsapAnimation&quot;:{&quot;animationSpeed&quot;:30,&quot;perspectiveDepth&quot;:500,&quot;enableOscillation&quot;:true,&quot;repeatBehavior&quot;:-1,&quot;repeatDelay&quot;:2,&quot;animationEffect&quot;:&quot;default&quot;,&quot;autoRepeat&quot;:true,&quot;transformOrigin&quot;:400,&quot;randomColor&quot;:false,&quot;isTextShadow&quot;:false,&quot;textShadow&quot;:[{&quot;blur&quot;:&quot;19px&quot;,&quot;color&quot;:&quot;rgba(39, 195, 130, 1)&quot;,&quot;hOffset&quot;:&quot;4px&quot;,&quot;isInset&quot;:false,&quot;spreed&quot;:&quot;0px&quot;,&quot;vOffset&quot;:&quot;1px&quot;}],&quot;fontStretch&quot;:&quot;200%&quot;,&quot;animationDuration&quot;:1,&quot;waveEffect&quot;:25,&quot;easeType&quot;:&quot;elastic(0.3, 0.2)&quot;,&quot;scaleX&quot;:1.5,&quot;scaleY&quot;:0.2,&quot;typingSpeed&quot;:100,&quot;reStartTime&quot;:1000,&quot;animateType&quot;:&quot;glitch&quot;}}' data-ispremium=''><\/div>\n\n<div aria-hidden=\"true\" style=\"display:none;\">PREGUNTA POR NUESTRO ESPECIAL DEL DIA<\/div>\r\n<div class=\"align wp-block-atb-animated-text\" id='atbAnimatedText-2' data-attributes='{&quot;inEffect&quot;:&quot;fadeInRightBig&quot;,&quot;outEffect&quot;:&quot;rotateOut&quot;,&quot;content&quot;:&quot;PREGUNTA POR NUESTRO ESPECIAL DEL DIA&quot;,&quot;typography&quot;:{&quot;fontSize&quot;:{&quot;desktop&quot;:25,&quot;tablet&quot;:20,&quot;mobile&quot;:18},&quot;fontFamily&quot;:&quot;Days One&quot;,&quot;fontCategory&quot;:&quot;sans-serif&quot;,&quot;fontWeight&quot;:400,&quot;fontVariant&quot;:400},&quot;color&quot;:&quot;rgba(247, 0, 0, 1)&quot;,&quot;align&quot;:&quot;&quot;,&quot;options&quot;:{&quot;theme&quot;:&quot;default&quot;},&quot;prefixText&quot;:&quot;&quot;,&quot;suffixText&quot;:&quot;&quot;,&quot;loop&quot;:true,&quot;animateIn&quot;:&quot;char&quot;,&quot;inSequence&quot;:&quot;default&quot;,&quot;outSequence&quot;:&quot;shuffle&quot;,&quot;alignment&quot;:&quot;center&quot;,&quot;textAlign&quot;:&quot;center&quot;,&quot;background&quot;:{&quot;color&quot;:&quot;#0000&quot;},&quot;textAlignment&quot;:&quot;center&quot;,&quot;prefixTypo&quot;:{&quot;fontSize&quot;:{&quot;desktop&quot;:22,&quot;tablet&quot;:20,&quot;mobile&quot;:18}},&quot;prefixColor&quot;:&quot;#000&quot;,&quot;suffixTypo&quot;:{&quot;fontSize&quot;:{&quot;desktop&quot;:22,&quot;tablet&quot;:20,&quot;mobile&quot;:18}},&quot;padding&quot;:{&quot;vertical&quot;:&quot;15px&quot;,&quot;horizontal&quot;:&quot;15px&quot;},&quot;border&quot;:{&quot;radius&quot;:&quot;5px&quot;},&quot;animatedSize&quot;:{&quot;width&quot;:{&quot;desktop&quot;:&quot;100%&quot;,&quot;tablet&quot;:&quot;&quot;,&quot;mobile&quot;:&quot;&quot;},&quot;height&quot;:{&quot;desktop&quot;:&quot;500px&quot;,&quot;tablet&quot;:&quot;&quot;,&quot;mobile&quot;:&quot;&quot;}},&quot;repeat&quot;:true,&quot;gsapAnimation&quot;:{&quot;animationSpeed&quot;:30,&quot;perspectiveDepth&quot;:500,&quot;enableOscillation&quot;:true,&quot;repeatBehavior&quot;:-1,&quot;repeatDelay&quot;:2,&quot;animationEffect&quot;:&quot;default&quot;,&quot;autoRepeat&quot;:true,&quot;transformOrigin&quot;:400,&quot;randomColor&quot;:false,&quot;isTextShadow&quot;:false,&quot;textShadow&quot;:[{&quot;blur&quot;:&quot;19px&quot;,&quot;color&quot;:&quot;rgba(39, 195, 130, 1)&quot;,&quot;hOffset&quot;:&quot;4px&quot;,&quot;isInset&quot;:false,&quot;spreed&quot;:&quot;0px&quot;,&quot;vOffset&quot;:&quot;1px&quot;}],&quot;fontStretch&quot;:&quot;200%&quot;,&quot;animationDuration&quot;:1,&quot;waveEffect&quot;:25,&quot;easeType&quot;:&quot;elastic(0.3, 0.2)&quot;,&quot;scaleX&quot;:1.5,&quot;scaleY&quot;:0.2,&quot;typingSpeed&quot;:100,&quot;reStartTime&quot;:1000,&quot;animateType&quot;:&quot;glitch&quot;}}' data-ispremium=''><\/div>\n\n\n<div class=\"wp-block-columns is-layout-flex wp-container-core-columns-is-layout-28f84493 wp-block-columns-is-layout-flex\">\n<div class=\"wp-block-column is-layout-flow wp-block-column-is-layout-flow\">\n<figure class=\"wp-block-image size-full\"><img loading=\"lazy\" decoding=\"async\" width=\"400\" height=\"500\" src=\"https:\/\/xelakitchen.com\/wp-content\/uploads\/2025\/05\/churrasco.png\" alt=\"\" class=\"wp-image-360\" srcset=\"https:\/\/xelakitchen.com\/wp-content\/uploads\/2025\/05\/churrasco.png 400w, https:\/\/xelakitchen.com\/wp-content\/uploads\/2025\/05\/churrasco-240x300.png 240w\" sizes=\"auto, (max-width: 400px) 100vw, 400px\" \/><\/figure>\n<\/div>\n\n\n\n<div class=\"wp-block-column is-layout-flow wp-block-column-is-layout-flow\">\n<figure class=\"wp-block-image size-full\"><img loading=\"lazy\" decoding=\"async\" width=\"400\" height=\"500\" src=\"https:\/\/xelakitchen.com\/wp-content\/uploads\/2025\/05\/quichom.png\" alt=\"\" class=\"wp-image-365\" srcset=\"https:\/\/xelakitchen.com\/wp-content\/uploads\/2025\/05\/quichom.png 400w, https:\/\/xelakitchen.com\/wp-content\/uploads\/2025\/05\/quichom-240x300.png 240w\" sizes=\"auto, (max-width: 400px) 100vw, 400px\" \/><\/figure>\n<\/div>\n\n\n\n<div class=\"wp-block-column is-layout-flow wp-block-column-is-layout-flow\">\n<figure class=\"wp-block-image size-full\"><img loading=\"lazy\" decoding=\"async\" width=\"400\" height=\"500\" src=\"https:\/\/xelakitchen.com\/wp-content\/uploads\/2025\/05\/parrillada.png\" alt=\"\" class=\"wp-image-364\" srcset=\"https:\/\/xelakitchen.com\/wp-content\/uploads\/2025\/05\/parrillada.png 400w, https:\/\/xelakitchen.com\/wp-content\/uploads\/2025\/05\/parrillada-240x300.png 240w\" sizes=\"auto, (max-width: 400px) 100vw, 400px\" \/><\/figure>\n<\/div>\n<\/div>\n\n\n\n<div class=\"wp-block-columns is-layout-flex wp-container-core-columns-is-layout-28f84493 wp-block-columns-is-layout-flex\">\n<div class=\"wp-block-column is-layout-flow wp-block-column-is-layout-flow\">\n<figure class=\"wp-block-image size-full\"><img loading=\"lazy\" decoding=\"async\" width=\"400\" height=\"500\" src=\"https:\/\/xelakitchen.com\/wp-content\/uploads\/2025\/05\/caldo-res.png\" alt=\"\" class=\"wp-image-359\" srcset=\"https:\/\/xelakitchen.com\/wp-content\/uploads\/2025\/05\/caldo-res.png 400w, https:\/\/xelakitchen.com\/wp-content\/uploads\/2025\/05\/caldo-res-240x300.png 240w\" sizes=\"auto, (max-width: 400px) 100vw, 400px\" \/><\/figure>\n<\/div>\n\n\n\n<div class=\"wp-block-column is-layout-flow wp-block-column-is-layout-flow\">\n<figure class=\"wp-block-image size-full\"><img loading=\"lazy\" decoding=\"async\" width=\"400\" height=\"500\" src=\"https:\/\/xelakitchen.com\/wp-content\/uploads\/2025\/05\/caldo-gallina.png\" alt=\"\" class=\"wp-image-357\" srcset=\"https:\/\/xelakitchen.com\/wp-content\/uploads\/2025\/05\/caldo-gallina.png 400w, https:\/\/xelakitchen.com\/wp-content\/uploads\/2025\/05\/caldo-gallina-240x300.png 240w\" sizes=\"auto, (max-width: 400px) 100vw, 400px\" \/><\/figure>\n<\/div>\n\n\n\n<div class=\"wp-block-column is-layout-flow wp-block-column-is-layout-flow\">\n<figure class=\"wp-block-image size-full\"><img loading=\"lazy\" decoding=\"async\" width=\"400\" height=\"500\" src=\"https:\/\/xelakitchen.com\/wp-content\/uploads\/2025\/05\/caldo-mariscos.png\" alt=\"\" class=\"wp-image-358\" srcset=\"https:\/\/xelakitchen.com\/wp-content\/uploads\/2025\/05\/caldo-mariscos.png 400w, https:\/\/xelakitchen.com\/wp-content\/uploads\/2025\/05\/caldo-mariscos-240x300.png 240w\" sizes=\"auto, (max-width: 400px) 100vw, 400px\" \/><\/figure>\n<\/div>\n<\/div>\n\n\n\n<div class=\"wp-block-columns is-layout-flex wp-container-core-columns-is-layout-28f84493 wp-block-columns-is-layout-flex\">\n<div class=\"wp-block-column is-layout-flow wp-block-column-is-layout-flow\">\n<figure class=\"wp-block-image size-full\"><img loading=\"lazy\" decoding=\"async\" width=\"400\" height=\"500\" src=\"https:\/\/xelakitchen.com\/wp-content\/uploads\/2025\/05\/our-products.png\" alt=\"\" class=\"wp-image-363\" srcset=\"https:\/\/xelakitchen.com\/wp-content\/uploads\/2025\/05\/our-products.png 400w, https:\/\/xelakitchen.com\/wp-content\/uploads\/2025\/05\/our-products-240x300.png 240w\" sizes=\"auto, (max-width: 400px) 100vw, 400px\" \/><\/figure>\n<\/div>\n\n\n\n<div class=\"wp-block-column is-layout-flow wp-block-column-is-layout-flow\">\n<figure class=\"wp-block-image size-full\"><img loading=\"lazy\" decoding=\"async\" width=\"400\" height=\"500\" src=\"https:\/\/xelakitchen.com\/wp-content\/uploads\/2025\/05\/mojarra1.png\" alt=\"\" class=\"wp-image-400\" srcset=\"https:\/\/xelakitchen.com\/wp-content\/uploads\/2025\/05\/mojarra1.png 400w, https:\/\/xelakitchen.com\/wp-content\/uploads\/2025\/05\/mojarra1-240x300.png 240w\" sizes=\"auto, (max-width: 400px) 100vw, 400px\" \/><\/figure>\n<\/div>\n\n\n\n<div class=\"wp-block-column is-layout-flow wp-block-column-is-layout-flow\">\n<figure class=\"wp-block-image size-full\"><img loading=\"lazy\" decoding=\"async\" width=\"400\" height=\"500\" src=\"https:\/\/xelakitchen.com\/wp-content\/uploads\/2025\/05\/estofado.png\" alt=\"\" class=\"wp-image-361\" srcset=\"https:\/\/xelakitchen.com\/wp-content\/uploads\/2025\/05\/estofado.png 400w, https:\/\/xelakitchen.com\/wp-content\/uploads\/2025\/05\/estofado-240x300.png 240w\" sizes=\"auto, (max-width: 400px) 100vw, 400px\" \/><\/figure>\n<\/div>\n<\/div>\n\n\n\n<p><\/p>\n","protected":false},"excerpt":{"rendered":"<p>Bienvenidos a Xela Kitchen Restaurant, en d\u00f3nde se crean platillos aut\u00e9nticos de Guatemala y con un saz\u00f3n \u00fanico al estilo de casa. Con platillos tradicionales guatemaltecos y t\u00edpicos desde cada regi\u00f3n del pa\u00eds. Nuestro estilo culinario se basa en la preparaci\u00f3n \u00fanica de d\u00eda a d\u00eda con todo lo fresco y sabor de cada plato [&hellip;]<\/p>\n","protected":false},"author":1,"featured_media":0,"parent":0,"menu_order":0,"comment_status":"closed","ping_status":"closed","template":"","meta":{"footnotes":""},"class_list":["post-29","page","type-page","status-publish","hentry"],"yoast_head":"<!-- This site is optimized with the Yoast SEO plugin v27.3 - https:\/\/yoast.com\/product\/yoast-seo-wordpress\/ -->\n<title>Xela Kitchen Creamos Comida Autentica GUATEMALTECA comida guatemalteca<\/title>\n<meta name=\"description\" content=\"xela kitchen, restaurante, restaurant, food, comida, xela, guatemala, guatemalteco, guatemalteca, tipico, tipica, quetzaltenago, quetzal, houston, texas, sabor, guatemalan, comida guatemalteca\" \/>\n<meta name=\"robots\" content=\"index, follow, max-snippet:-1, max-image-preview:large, max-video-preview:-1\" \/>\n<link rel=\"canonical\" href=\"https:\/\/xelakitchen.com\/\" \/>\n<meta property=\"og:locale\" content=\"en_US\" \/>\n<meta property=\"og:type\" content=\"article\" \/>\n<meta property=\"og:title\" content=\"Xela Kitchen Creamos Comida Autentica GUATEMALTECA comida guatemalteca\" \/>\n<meta property=\"og:description\" content=\"xela kitchen, restaurante, restaurant, food, comida, xela, guatemala, guatemalteco, guatemalteca, tipico, tipica, quetzaltenago, quetzal, houston, texas, sabor, guatemalan, comida guatemalteca\" \/>\n<meta property=\"og:url\" content=\"https:\/\/xelakitchen.com\/\" \/>\n<meta property=\"og:site_name\" content=\"Xela Kitchen\" \/>\n<meta property=\"article:modified_time\" content=\"2025-06-22T15:03:16+00:00\" \/>\n<meta property=\"og:image\" content=\"https:\/\/xelakitchen.com\/wp-content\/uploads\/2024\/03\/500px.png\" \/>\n\t<meta property=\"og:image:width\" content=\"500\" \/>\n\t<meta property=\"og:image:height\" content=\"500\" \/>\n\t<meta property=\"og:image:type\" content=\"image\/png\" \/>\n<meta name=\"twitter:card\" content=\"summary_large_image\" \/>\n<meta name=\"twitter:label1\" content=\"Est. reading time\" \/>\n\t<meta name=\"twitter:data1\" content=\"3 minutes\" \/>\n<script type=\"application\/ld+json\" class=\"yoast-schema-graph\">{\"@context\":\"https:\\\/\\\/schema.org\",\"@graph\":[{\"@type\":\"WebPage\",\"@id\":\"https:\\\/\\\/xelakitchen.com\\\/\",\"url\":\"https:\\\/\\\/xelakitchen.com\\\/\",\"name\":\"Xela Kitchen Creamos Comida Autentica GUATEMALTECA comida guatemalteca\",\"isPartOf\":{\"@id\":\"https:\\\/\\\/xelakitchen.com\\\/#website\"},\"primaryImageOfPage\":{\"@id\":\"https:\\\/\\\/xelakitchen.com\\\/#primaryimage\"},\"image\":{\"@id\":\"https:\\\/\\\/xelakitchen.com\\\/#primaryimage\"},\"thumbnailUrl\":\"https:\\\/\\\/xelakitchen.com\\\/wp-content\\\/uploads\\\/2024\\\/03\\\/500px.png\",\"datePublished\":\"2024-03-12T17:04:57+00:00\",\"dateModified\":\"2025-06-22T15:03:16+00:00\",\"description\":\"xela kitchen, restaurante, restaurant, food, comida, xela, guatemala, guatemalteco, guatemalteca, tipico, tipica, quetzaltenago, quetzal, houston, texas, sabor, guatemalan, comida guatemalteca\",\"breadcrumb\":{\"@id\":\"https:\\\/\\\/xelakitchen.com\\\/#breadcrumb\"},\"inLanguage\":\"en-US\",\"potentialAction\":[{\"@type\":\"ReadAction\",\"target\":[\"https:\\\/\\\/xelakitchen.com\\\/\"]}]},{\"@type\":\"ImageObject\",\"inLanguage\":\"en-US\",\"@id\":\"https:\\\/\\\/xelakitchen.com\\\/#primaryimage\",\"url\":\"https:\\\/\\\/xelakitchen.com\\\/wp-content\\\/uploads\\\/2024\\\/03\\\/500px.png\",\"contentUrl\":\"https:\\\/\\\/xelakitchen.com\\\/wp-content\\\/uploads\\\/2024\\\/03\\\/500px.png\",\"width\":500,\"height\":500},{\"@type\":\"BreadcrumbList\",\"@id\":\"https:\\\/\\\/xelakitchen.com\\\/#breadcrumb\",\"itemListElement\":[{\"@type\":\"ListItem\",\"position\":1,\"name\":\"Home\",\"item\":\"https:\\\/\\\/xelakitchen.com\\\/\"},{\"@type\":\"ListItem\",\"position\":2,\"name\":\"Inicio\"}]},{\"@type\":\"WebSite\",\"@id\":\"https:\\\/\\\/xelakitchen.com\\\/#website\",\"url\":\"https:\\\/\\\/xelakitchen.com\\\/\",\"name\":\"xelakitchen.com\",\"description\":\"Creamos Comida Autentica GUATEMALTECA\",\"publisher\":{\"@id\":\"https:\\\/\\\/xelakitchen.com\\\/#organization\"},\"potentialAction\":[{\"@type\":\"SearchAction\",\"target\":{\"@type\":\"EntryPoint\",\"urlTemplate\":\"https:\\\/\\\/xelakitchen.com\\\/?s={search_term_string}\"},\"query-input\":{\"@type\":\"PropertyValueSpecification\",\"valueRequired\":true,\"valueName\":\"search_term_string\"}}],\"inLanguage\":\"en-US\"},{\"@type\":\"Organization\",\"@id\":\"https:\\\/\\\/xelakitchen.com\\\/#organization\",\"name\":\"Xela Kitchen\",\"url\":\"https:\\\/\\\/xelakitchen.com\\\/\",\"logo\":{\"@type\":\"ImageObject\",\"inLanguage\":\"en-US\",\"@id\":\"https:\\\/\\\/xelakitchen.com\\\/#\\\/schema\\\/logo\\\/image\\\/\",\"url\":\"https:\\\/\\\/xelakitchen.com\\\/wp-content\\\/uploads\\\/2024\\\/03\\\/500px.png\",\"contentUrl\":\"https:\\\/\\\/xelakitchen.com\\\/wp-content\\\/uploads\\\/2024\\\/03\\\/500px.png\",\"width\":500,\"height\":500,\"caption\":\"Xela Kitchen\"},\"image\":{\"@id\":\"https:\\\/\\\/xelakitchen.com\\\/#\\\/schema\\\/logo\\\/image\\\/\"},\"sameAs\":[\"https:\\\/\\\/www.instagram.com\\\/xela.kitchen\\\/\",\"https:\\\/\\\/www.tiktok.com\\\/discover\\\/xela-kitchen-houston\"]}]}<\/script>\n<!-- \/ Yoast SEO plugin. -->","yoast_head_json":{"title":"Xela Kitchen Creamos Comida Autentica GUATEMALTECA comida guatemalteca","description":"xela kitchen, restaurante, restaurant, food, comida, xela, guatemala, guatemalteco, guatemalteca, tipico, tipica, quetzaltenago, quetzal, houston, texas, sabor, guatemalan, comida guatemalteca","robots":{"index":"index","follow":"follow","max-snippet":"max-snippet:-1","max-image-preview":"max-image-preview:large","max-video-preview":"max-video-preview:-1"},"canonical":"https:\/\/xelakitchen.com\/","og_locale":"en_US","og_type":"article","og_title":"Xela Kitchen Creamos Comida Autentica GUATEMALTECA comida guatemalteca","og_description":"xela kitchen, restaurante, restaurant, food, comida, xela, guatemala, guatemalteco, guatemalteca, tipico, tipica, quetzaltenago, quetzal, houston, texas, sabor, guatemalan, comida guatemalteca","og_url":"https:\/\/xelakitchen.com\/","og_site_name":"Xela Kitchen","article_modified_time":"2025-06-22T15:03:16+00:00","og_image":[{"width":500,"height":500,"url":"https:\/\/xelakitchen.com\/wp-content\/uploads\/2024\/03\/500px.png","type":"image\/png"}],"twitter_card":"summary_large_image","twitter_misc":{"Est. reading time":"3 minutes"},"schema":{"@context":"https:\/\/schema.org","@graph":[{"@type":"WebPage","@id":"https:\/\/xelakitchen.com\/","url":"https:\/\/xelakitchen.com\/","name":"Xela Kitchen Creamos Comida Autentica GUATEMALTECA comida guatemalteca","isPartOf":{"@id":"https:\/\/xelakitchen.com\/#website"},"primaryImageOfPage":{"@id":"https:\/\/xelakitchen.com\/#primaryimage"},"image":{"@id":"https:\/\/xelakitchen.com\/#primaryimage"},"thumbnailUrl":"https:\/\/xelakitchen.com\/wp-content\/uploads\/2024\/03\/500px.png","datePublished":"2024-03-12T17:04:57+00:00","dateModified":"2025-06-22T15:03:16+00:00","description":"xela kitchen, restaurante, restaurant, food, comida, xela, guatemala, guatemalteco, guatemalteca, tipico, tipica, quetzaltenago, quetzal, houston, texas, sabor, guatemalan, comida guatemalteca","breadcrumb":{"@id":"https:\/\/xelakitchen.com\/#breadcrumb"},"inLanguage":"en-US","potentialAction":[{"@type":"ReadAction","target":["https:\/\/xelakitchen.com\/"]}]},{"@type":"ImageObject","inLanguage":"en-US","@id":"https:\/\/xelakitchen.com\/#primaryimage","url":"https:\/\/xelakitchen.com\/wp-content\/uploads\/2024\/03\/500px.png","contentUrl":"https:\/\/xelakitchen.com\/wp-content\/uploads\/2024\/03\/500px.png","width":500,"height":500},{"@type":"BreadcrumbList","@id":"https:\/\/xelakitchen.com\/#breadcrumb","itemListElement":[{"@type":"ListItem","position":1,"name":"Home","item":"https:\/\/xelakitchen.com\/"},{"@type":"ListItem","position":2,"name":"Inicio"}]},{"@type":"WebSite","@id":"https:\/\/xelakitchen.com\/#website","url":"https:\/\/xelakitchen.com\/","name":"xelakitchen.com","description":"Creamos Comida Autentica GUATEMALTECA","publisher":{"@id":"https:\/\/xelakitchen.com\/#organization"},"potentialAction":[{"@type":"SearchAction","target":{"@type":"EntryPoint","urlTemplate":"https:\/\/xelakitchen.com\/?s={search_term_string}"},"query-input":{"@type":"PropertyValueSpecification","valueRequired":true,"valueName":"search_term_string"}}],"inLanguage":"en-US"},{"@type":"Organization","@id":"https:\/\/xelakitchen.com\/#organization","name":"Xela Kitchen","url":"https:\/\/xelakitchen.com\/","logo":{"@type":"ImageObject","inLanguage":"en-US","@id":"https:\/\/xelakitchen.com\/#\/schema\/logo\/image\/","url":"https:\/\/xelakitchen.com\/wp-content\/uploads\/2024\/03\/500px.png","contentUrl":"https:\/\/xelakitchen.com\/wp-content\/uploads\/2024\/03\/500px.png","width":500,"height":500,"caption":"Xela Kitchen"},"image":{"@id":"https:\/\/xelakitchen.com\/#\/schema\/logo\/image\/"},"sameAs":["https:\/\/www.instagram.com\/xela.kitchen\/","https:\/\/www.tiktok.com\/discover\/xela-kitchen-houston"]}]}},"_links":{"self":[{"href":"https:\/\/xelakitchen.com\/index.php\/wp-json\/wp\/v2\/pages\/29","targetHints":{"allow":["GET"]}}],"collection":[{"href":"https:\/\/xelakitchen.com\/index.php\/wp-json\/wp\/v2\/pages"}],"about":[{"href":"https:\/\/xelakitchen.com\/index.php\/wp-json\/wp\/v2\/types\/page"}],"author":[{"embeddable":true,"href":"https:\/\/xelakitchen.com\/index.php\/wp-json\/wp\/v2\/users\/1"}],"replies":[{"embeddable":true,"href":"https:\/\/xelakitchen.com\/index.php\/wp-json\/wp\/v2\/comments?post=29"}],"version-history":[{"count":24,"href":"https:\/\/xelakitchen.com\/index.php\/wp-json\/wp\/v2\/pages\/29\/revisions"}],"predecessor-version":[{"id":401,"href":"https:\/\/xelakitchen.com\/index.php\/wp-json\/wp\/v2\/pages\/29\/revisions\/401"}],"wp:attachment":[{"href":"https:\/\/xelakitchen.com\/index.php\/wp-json\/wp\/v2\/media?parent=29"}],"curies":[{"name":"wp","href":"https:\/\/api.w.org\/{rel}","templated":true}]}}